{"id":63649,"date":"2025-12-15T11:45:26","date_gmt":"2025-12-15T09:45:26","guid":{"rendered":"https:\/\/freshgarbage.fi\/tuote\/tuusanuuskat-naaksaa-naa-mun-kyyneleet\/"},"modified":"2025-12-15T11:45:26","modified_gmt":"2025-12-15T09:45:26","slug":"tuusanuuskat-naaksaa-naa-mun-kyyneleet","status":"publish","type":"product","link":"https:\/\/freshgarbage.fi\/en\/product\/tuusanuuskat-naaksaa-naa-mun-kyyneleet\/","title":{"rendered":"Tuusanuuskat \u2013 N\u00e4\u00e4ks\u00e4\u00e4 N\u00e4\u00e4 Mun Kyyneleet"},"content":{"rendered":"","protected":false},"excerpt":{"rendered":"","protected":false},"featured_media":61775,"template":"","meta":{"_acf_changed":false},"product_brand":[],"product_cat":[126,120],"product_tag":[],"class_list":{"0":"post-63649","1":"product","2":"type-product","3":"status-publish","4":"has-post-thumbnail","6":"product_cat-experimental-ambient-noise-contemporary-classical","7":"product_cat-finnish","8":"pa_formaatti-lp-en","9":"pa_kaytetty-uusi-2nd-hand","11":"first","12":"instock","13":"shipping-taxable","14":"purchasable","15":"product-type-simple"},"acf":[],"_links":{"self":[{"href":"https:\/\/freshgarbage.fi\/en\/wp-json\/wp\/v2\/product\/63649","targetHints":{"allow":["GET"]}}],"collection":[{"href":"https:\/\/freshgarbage.fi\/en\/wp-json\/wp\/v2\/product"}],"about":[{"href":"https:\/\/freshgarbage.fi\/en\/wp-json\/wp\/v2\/types\/product"}],"wp:featuredmedia":[{"embeddable":true,"href":"https:\/\/freshgarbage.fi\/en\/wp-json\/wp\/v2\/media\/61775"}],"wp:attachment":[{"href":"https:\/\/freshgarbage.fi\/en\/wp-json\/wp\/v2\/media?parent=63649"}],"wp:term":[{"taxonomy":"product_brand","embeddable":true,"href":"https:\/\/freshgarbage.fi\/en\/wp-json\/wp\/v2\/product_brand?post=63649"},{"taxonomy":"product_cat","embeddable":true,"href":"https:\/\/freshgarbage.fi\/en\/wp-json\/wp\/v2\/product_cat?post=63649"},{"taxonomy":"product_tag","embeddable":true,"href":"https:\/\/freshgarbage.fi\/en\/wp-json\/wp\/v2\/product_tag?post=63649"}],"curies":[{"name":"wp","href":"https:\/\/api.w.org\/{rel}","templated":true}]}}