{"id":63640,"date":"2025-12-19T11:45:42","date_gmt":"2025-12-19T09:45:42","guid":{"rendered":"https:\/\/freshgarbage.fi\/tuote\/sula-sula-ep\/"},"modified":"2025-12-19T11:45:42","modified_gmt":"2025-12-19T09:45:42","slug":"sula-sula-ep","status":"publish","type":"product","link":"https:\/\/freshgarbage.fi\/en\/product\/sula-sula-ep\/","title":{"rendered":"Sula \u2013 Sula EP"},"content":{"rendered":"","protected":false},"excerpt":{"rendered":"<p>Ainoa painos. G-Litter j\u00e4senist\u00f6\u00e4.<\/p>\n<p>A1 Lintunen 3:57<br \/>\nA2 Mets\u00e4tie 3:55<br \/>\nB1 \u00c4l\u00e4 3:37<br \/>\nB2 Kyynelten Tie 4:35<\/p>\n","protected":false},"featured_media":62249,"template":"","meta":{"_acf_changed":false},"product_brand":[],"product_cat":[126,120],"product_tag":[],"class_list":{"0":"post-63640","1":"product","2":"type-product","3":"status-publish","4":"has-post-thumbnail","6":"product_cat-experimental-ambient-noise-contemporary-classical","7":"product_cat-finnish","8":"pa_formaatti-12-en","9":"pa_kaytetty-uusi-2nd-hand","11":"first","12":"instock","13":"shipping-taxable","14":"purchasable","15":"product-type-simple"},"acf":[],"_links":{"self":[{"href":"https:\/\/freshgarbage.fi\/en\/wp-json\/wp\/v2\/product\/63640","targetHints":{"allow":["GET"]}}],"collection":[{"href":"https:\/\/freshgarbage.fi\/en\/wp-json\/wp\/v2\/product"}],"about":[{"href":"https:\/\/freshgarbage.fi\/en\/wp-json\/wp\/v2\/types\/product"}],"wp:featuredmedia":[{"embeddable":true,"href":"https:\/\/freshgarbage.fi\/en\/wp-json\/wp\/v2\/media\/62249"}],"wp:attachment":[{"href":"https:\/\/freshgarbage.fi\/en\/wp-json\/wp\/v2\/media?parent=63640"}],"wp:term":[{"taxonomy":"product_brand","embeddable":true,"href":"https:\/\/freshgarbage.fi\/en\/wp-json\/wp\/v2\/product_brand?post=63640"},{"taxonomy":"product_cat","embeddable":true,"href":"https:\/\/freshgarbage.fi\/en\/wp-json\/wp\/v2\/product_cat?post=63640"},{"taxonomy":"product_tag","embeddable":true,"href":"https:\/\/freshgarbage.fi\/en\/wp-json\/wp\/v2\/product_tag?post=63640"}],"curies":[{"name":"wp","href":"https:\/\/api.w.org\/{rel}","templated":true}]}}