{"id":63623,"date":"2025-12-31T11:45:10","date_gmt":"2025-12-31T09:45:10","guid":{"rendered":"https:\/\/freshgarbage.fi\/tuote\/stomu-yamashta-steve-winwood-michael-shrieve-go\/"},"modified":"2025-12-31T11:45:10","modified_gmt":"2025-12-31T09:45:10","slug":"stomu-yamashta-steve-winwood-michael-shrieve-go","status":"publish","type":"product","link":"https:\/\/freshgarbage.fi\/en\/product\/stomu-yamashta-steve-winwood-michael-shrieve-go\/","title":{"rendered":"Stomu Yamashta \/ Steve Winwood \/ Michael Shrieve \u2013 Go"},"content":{"rendered":"","protected":false},"excerpt":{"rendered":"<p>Alkuper\u00e4inen UK-painos. Ei liitett\u00e4.<\/p>\n<p>Alasauma teipattu, muuten siisti kansi. Jonkin verran j\u00e4lke\u00e4, pient\u00e4 rapsetta l\u00e4hinn\u00e4 hiljaisemmissa osuuksissa.<\/p>\n","protected":false},"featured_media":62706,"template":"","meta":{"_acf_changed":false},"product_brand":[],"product_cat":[126,113],"product_tag":[],"class_list":{"0":"post-63623","1":"product","2":"type-product","3":"status-publish","4":"has-post-thumbnail","6":"product_cat-experimental-ambient-noise-contemporary-classical","7":"product_cat-progressive-rock-krautrock-en","8":"pa_formaatti-lp-en","9":"pa_kaytetty-uusi-2nd-hand","11":"first","12":"instock","13":"shipping-taxable","14":"purchasable","15":"product-type-simple"},"acf":[],"_links":{"self":[{"href":"https:\/\/freshgarbage.fi\/en\/wp-json\/wp\/v2\/product\/63623","targetHints":{"allow":["GET"]}}],"collection":[{"href":"https:\/\/freshgarbage.fi\/en\/wp-json\/wp\/v2\/product"}],"about":[{"href":"https:\/\/freshgarbage.fi\/en\/wp-json\/wp\/v2\/types\/product"}],"wp:featuredmedia":[{"embeddable":true,"href":"https:\/\/freshgarbage.fi\/en\/wp-json\/wp\/v2\/media\/62706"}],"wp:attachment":[{"href":"https:\/\/freshgarbage.fi\/en\/wp-json\/wp\/v2\/media?parent=63623"}],"wp:term":[{"taxonomy":"product_brand","embeddable":true,"href":"https:\/\/freshgarbage.fi\/en\/wp-json\/wp\/v2\/product_brand?post=63623"},{"taxonomy":"product_cat","embeddable":true,"href":"https:\/\/freshgarbage.fi\/en\/wp-json\/wp\/v2\/product_cat?post=63623"},{"taxonomy":"product_tag","embeddable":true,"href":"https:\/\/freshgarbage.fi\/en\/wp-json\/wp\/v2\/product_tag?post=63623"}],"curies":[{"name":"wp","href":"https:\/\/api.w.org\/{rel}","templated":true}]}}