{"id":63548,"date":"2025-09-02T11:45:04","date_gmt":"2025-09-02T08:45:04","guid":{"rendered":"https:\/\/freshgarbage.fi\/tuote\/bigfeet-lala-pet-me\/"},"modified":"2025-09-02T11:45:04","modified_gmt":"2025-09-02T08:45:04","slug":"bigfeet-lala-pet-me","status":"publish","type":"product","link":"https:\/\/freshgarbage.fi\/en\/product\/bigfeet-lala-pet-me\/","title":{"rendered":"Bigfeet &#038; LaLa \u2013 Pet Me!"},"content":{"rendered":"","protected":false},"excerpt":{"rendered":"<p>Ensimm\u00e4inen painos kirkkaalla levyll\u00e4, painosm\u00e4\u00e4r\u00e4 72 kpl. Lathe cut.<\/p>\n<p>Jukka Orma &amp; Marjo Leinonen.<\/p>\n","protected":false},"featured_media":53741,"template":"","meta":{"_acf_changed":false},"product_brand":[],"product_cat":[129,120],"product_tag":[],"class_list":{"0":"post-63548","1":"product","2":"type-product","3":"status-publish","4":"has-post-thumbnail","6":"product_cat-blues-blues-rock-en","7":"product_cat-finnish","8":"pa_formaatti-lp-en","9":"pa_kaytetty-uusi-2nd-hand","11":"first","12":"instock","13":"shipping-taxable","14":"purchasable","15":"product-type-simple"},"acf":[],"_links":{"self":[{"href":"https:\/\/freshgarbage.fi\/en\/wp-json\/wp\/v2\/product\/63548","targetHints":{"allow":["GET"]}}],"collection":[{"href":"https:\/\/freshgarbage.fi\/en\/wp-json\/wp\/v2\/product"}],"about":[{"href":"https:\/\/freshgarbage.fi\/en\/wp-json\/wp\/v2\/types\/product"}],"wp:featuredmedia":[{"embeddable":true,"href":"https:\/\/freshgarbage.fi\/en\/wp-json\/wp\/v2\/media\/53741"}],"wp:attachment":[{"href":"https:\/\/freshgarbage.fi\/en\/wp-json\/wp\/v2\/media?parent=63548"}],"wp:term":[{"taxonomy":"product_brand","embeddable":true,"href":"https:\/\/freshgarbage.fi\/en\/wp-json\/wp\/v2\/product_brand?post=63548"},{"taxonomy":"product_cat","embeddable":true,"href":"https:\/\/freshgarbage.fi\/en\/wp-json\/wp\/v2\/product_cat?post=63548"},{"taxonomy":"product_tag","embeddable":true,"href":"https:\/\/freshgarbage.fi\/en\/wp-json\/wp\/v2\/product_tag?post=63548"}],"curies":[{"name":"wp","href":"https:\/\/api.w.org\/{rel}","templated":true}]}}