{"id":63545,"date":"2025-09-03T11:30:52","date_gmt":"2025-09-03T08:30:52","guid":{"rendered":"https:\/\/freshgarbage.fi\/tuote\/stevie-ray-vaughan-and-double-trouble-the-sky-is-crying\/"},"modified":"2025-09-03T11:30:52","modified_gmt":"2025-09-03T08:30:52","slug":"stevie-ray-vaughan-and-double-trouble-the-sky-is-crying","status":"publish","type":"product","link":"https:\/\/freshgarbage.fi\/en\/product\/stevie-ray-vaughan-and-double-trouble-the-sky-is-crying\/","title":{"rendered":"Stevie Ray Vaughan And Double Trouble \u2013 The Sky Is Crying"},"content":{"rendered":"","protected":false},"excerpt":{"rendered":"<p>Alkuper\u00e4inen Eurooppa-painos.<\/p>\n<p>Kevytt\u00e4 pintaj\u00e4lke\u00e4. Vikassa biisiss\u00e4 kevytt\u00e4 napsua, mutta muuten soi ilman suurempia ongelmia.<\/p>\n","protected":false},"featured_media":56245,"template":"","meta":{"_acf_changed":false},"product_brand":[],"product_cat":[129],"product_tag":[],"class_list":{"0":"post-63545","1":"product","2":"type-product","3":"status-publish","4":"has-post-thumbnail","6":"product_cat-blues-blues-rock-en","7":"pa_formaatti-lp-en","8":"pa_kaytetty-uusi-2nd-hand","10":"first","11":"instock","12":"shipping-taxable","13":"purchasable","14":"product-type-simple"},"acf":[],"_links":{"self":[{"href":"https:\/\/freshgarbage.fi\/en\/wp-json\/wp\/v2\/product\/63545","targetHints":{"allow":["GET"]}}],"collection":[{"href":"https:\/\/freshgarbage.fi\/en\/wp-json\/wp\/v2\/product"}],"about":[{"href":"https:\/\/freshgarbage.fi\/en\/wp-json\/wp\/v2\/types\/product"}],"wp:featuredmedia":[{"embeddable":true,"href":"https:\/\/freshgarbage.fi\/en\/wp-json\/wp\/v2\/media\/56245"}],"wp:attachment":[{"href":"https:\/\/freshgarbage.fi\/en\/wp-json\/wp\/v2\/media?parent=63545"}],"wp:term":[{"taxonomy":"product_brand","embeddable":true,"href":"https:\/\/freshgarbage.fi\/en\/wp-json\/wp\/v2\/product_brand?post=63545"},{"taxonomy":"product_cat","embeddable":true,"href":"https:\/\/freshgarbage.fi\/en\/wp-json\/wp\/v2\/product_cat?post=63545"},{"taxonomy":"product_tag","embeddable":true,"href":"https:\/\/freshgarbage.fi\/en\/wp-json\/wp\/v2\/product_tag?post=63545"}],"curies":[{"name":"wp","href":"https:\/\/api.w.org\/{rel}","templated":true}]}}