{"id":63541,"date":"2025-09-09T11:30:56","date_gmt":"2025-09-09T08:30:56","guid":{"rendered":"https:\/\/freshgarbage.fi\/tuote\/wynonie-harris-mr-blues-is-coming-to-town\/"},"modified":"2025-09-09T11:30:56","modified_gmt":"2025-09-09T08:30:56","slug":"wynonie-harris-mr-blues-is-coming-to-town","status":"publish","type":"product","link":"https:\/\/freshgarbage.fi\/en\/product\/wynonie-harris-mr-blues-is-coming-to-town\/","title":{"rendered":"Wynonie Harris \u2013 Mr Blues Is Coming To Town"},"content":{"rendered":"","protected":false},"excerpt":{"rendered":"<p>Kevytt\u00e4 j\u00e4lke\u00e4, soi hyvin. Pieni kirjoitus takakannessa.<\/p>\n<p>A1 Sittin&#8217; On It All The Time<br \/>\nA2 Drinkin&#8217; By Myself<br \/>\nA3 Wynonie&#8217;s Boogie<br \/>\nA4 Big City Blues<br \/>\nA5 Bite Again, Bite Again<br \/>\nA6 Blowin&#8217; To California<br \/>\nA7 A Love Untrue<br \/>\nA8 Rock Mr. Blues<br \/>\nB1 Mr. Blues Is Coming To Town<br \/>\nB2 Be Mine My Love<br \/>\nB3 Keep A Talking<br \/>\nB4 Here Comes The Night<br \/>\nB5 Christina<br \/>\nB6 My Playful Baby&#8217;s Gone<br \/>\nB7 Wine Wine, Sweet Wine<br \/>\nB8 Fishtail Blues<\/p>\n","protected":false},"featured_media":54225,"template":"","meta":{"_acf_changed":false},"product_brand":[],"product_cat":[129],"product_tag":[],"class_list":{"0":"post-63541","1":"product","2":"type-product","3":"status-publish","4":"has-post-thumbnail","6":"product_cat-blues-blues-rock-en","7":"pa_formaatti-lp-en","8":"pa_kaytetty-uusi-2nd-hand","10":"first","11":"instock","12":"shipping-taxable","13":"purchasable","14":"product-type-simple"},"acf":[],"_links":{"self":[{"href":"https:\/\/freshgarbage.fi\/en\/wp-json\/wp\/v2\/product\/63541","targetHints":{"allow":["GET"]}}],"collection":[{"href":"https:\/\/freshgarbage.fi\/en\/wp-json\/wp\/v2\/product"}],"about":[{"href":"https:\/\/freshgarbage.fi\/en\/wp-json\/wp\/v2\/types\/product"}],"wp:featuredmedia":[{"embeddable":true,"href":"https:\/\/freshgarbage.fi\/en\/wp-json\/wp\/v2\/media\/54225"}],"wp:attachment":[{"href":"https:\/\/freshgarbage.fi\/en\/wp-json\/wp\/v2\/media?parent=63541"}],"wp:term":[{"taxonomy":"product_brand","embeddable":true,"href":"https:\/\/freshgarbage.fi\/en\/wp-json\/wp\/v2\/product_brand?post=63541"},{"taxonomy":"product_cat","embeddable":true,"href":"https:\/\/freshgarbage.fi\/en\/wp-json\/wp\/v2\/product_cat?post=63541"},{"taxonomy":"product_tag","embeddable":true,"href":"https:\/\/freshgarbage.fi\/en\/wp-json\/wp\/v2\/product_tag?post=63541"}],"curies":[{"name":"wp","href":"https:\/\/api.w.org\/{rel}","templated":true}]}}