{"id":63491,"date":"2025-10-03T11:18:48","date_gmt":"2025-10-03T08:18:48","guid":{"rendered":"https:\/\/freshgarbage.fi\/tuote\/tinsley-ellis-georgia-blue\/"},"modified":"2025-10-03T11:18:48","modified_gmt":"2025-10-03T08:18:48","slug":"tinsley-ellis-georgia-blue","status":"publish","type":"product","link":"https:\/\/freshgarbage.fi\/en\/product\/tinsley-ellis-georgia-blue\/","title":{"rendered":"Tinsley Ellis \u2013 Georgia Blue"},"content":{"rendered":"","protected":false},"excerpt":{"rendered":"<p>Alkuper\u00e4inen UK-painos.<\/p>\n<p>B-puolella kahden kappaleen v\u00e4liss\u00e4 &#8220;pr\u00e4ssiroska&#8221;, joka napsahtaa muutaman kerran vaimeasti, mutta ei kappaleiden aikana.<\/p>\n","protected":false},"featured_media":56239,"template":"","meta":{"_acf_changed":false},"product_brand":[],"product_cat":[129],"product_tag":[],"class_list":{"0":"post-63491","1":"product","2":"type-product","3":"status-publish","4":"has-post-thumbnail","6":"product_cat-blues-blues-rock-en","7":"pa_formaatti-lp-en","8":"pa_kaytetty-uusi-2nd-hand","10":"first","11":"instock","12":"shipping-taxable","13":"purchasable","14":"product-type-simple"},"acf":[],"_links":{"self":[{"href":"https:\/\/freshgarbage.fi\/en\/wp-json\/wp\/v2\/product\/63491","targetHints":{"allow":["GET"]}}],"collection":[{"href":"https:\/\/freshgarbage.fi\/en\/wp-json\/wp\/v2\/product"}],"about":[{"href":"https:\/\/freshgarbage.fi\/en\/wp-json\/wp\/v2\/types\/product"}],"wp:featuredmedia":[{"embeddable":true,"href":"https:\/\/freshgarbage.fi\/en\/wp-json\/wp\/v2\/media\/56239"}],"wp:attachment":[{"href":"https:\/\/freshgarbage.fi\/en\/wp-json\/wp\/v2\/media?parent=63491"}],"wp:term":[{"taxonomy":"product_brand","embeddable":true,"href":"https:\/\/freshgarbage.fi\/en\/wp-json\/wp\/v2\/product_brand?post=63491"},{"taxonomy":"product_cat","embeddable":true,"href":"https:\/\/freshgarbage.fi\/en\/wp-json\/wp\/v2\/product_cat?post=63491"},{"taxonomy":"product_tag","embeddable":true,"href":"https:\/\/freshgarbage.fi\/en\/wp-json\/wp\/v2\/product_tag?post=63491"}],"curies":[{"name":"wp","href":"https:\/\/api.w.org\/{rel}","templated":true}]}}