{"id":63475,"date":"2025-10-15T17:48:53","date_gmt":"2025-10-15T14:48:53","guid":{"rendered":"https:\/\/freshgarbage.fi\/tuote\/lucinda-williams-car-wheels-on-a-gravel-road\/"},"modified":"2025-10-15T17:48:53","modified_gmt":"2025-10-15T14:48:53","slug":"lucinda-williams-car-wheels-on-a-gravel-road","status":"publish","type":"product","link":"https:\/\/freshgarbage.fi\/en\/product\/lucinda-williams-car-wheels-on-a-gravel-road\/","title":{"rendered":"Lucinda Williams \u2013 Car Wheels On A Gravel Road"},"content":{"rendered":"","protected":false},"excerpt":{"rendered":"<p>180g. Ensimm\u00e4ist\u00e4 kertaa vinyylill\u00e4.<\/p>\n<p>A1 Right In Time<br \/>\nA2 Car Wheels On A Gravel Road<br \/>\nA3 2 Kool 2 Be 4-Gotten<br \/>\nA4 Drunken Angel<br \/>\nA5 Concrete And Barbed Wire<br \/>\nA6 Lake Charles<br \/>\nB1 Can&#8217;t Let Go<br \/>\nB2 I Lost It<br \/>\nB3 Metal Firecracker<br \/>\nB4 Greenville<br \/>\nB5 Still I Long For Your Kiss<br \/>\nB6 Joy<br \/>\nB7 Jackson<\/p>\n","protected":false},"featured_media":22447,"template":"","meta":{"_acf_changed":false},"product_brand":[],"product_cat":[128,107],"product_tag":[],"class_list":{"0":"post-63475","1":"product","2":"type-product","3":"status-publish","4":"has-post-thumbnail","6":"product_cat-country-country-rock-bluegrass-en","7":"product_cat-new","8":"pa_formaatti-lp-en","9":"pa_kaytetty-uusi-new","11":"first","12":"instock","13":"taxable","14":"shipping-taxable","15":"purchasable","16":"product-type-simple"},"acf":[],"_links":{"self":[{"href":"https:\/\/freshgarbage.fi\/en\/wp-json\/wp\/v2\/product\/63475","targetHints":{"allow":["GET"]}}],"collection":[{"href":"https:\/\/freshgarbage.fi\/en\/wp-json\/wp\/v2\/product"}],"about":[{"href":"https:\/\/freshgarbage.fi\/en\/wp-json\/wp\/v2\/types\/product"}],"wp:featuredmedia":[{"embeddable":true,"href":"https:\/\/freshgarbage.fi\/en\/wp-json\/wp\/v2\/media\/22447"}],"wp:attachment":[{"href":"https:\/\/freshgarbage.fi\/en\/wp-json\/wp\/v2\/media?parent=63475"}],"wp:term":[{"taxonomy":"product_brand","embeddable":true,"href":"https:\/\/freshgarbage.fi\/en\/wp-json\/wp\/v2\/product_brand?post=63475"},{"taxonomy":"product_cat","embeddable":true,"href":"https:\/\/freshgarbage.fi\/en\/wp-json\/wp\/v2\/product_cat?post=63475"},{"taxonomy":"product_tag","embeddable":true,"href":"https:\/\/freshgarbage.fi\/en\/wp-json\/wp\/v2\/product_tag?post=63475"}],"curies":[{"name":"wp","href":"https:\/\/api.w.org\/{rel}","templated":true}]}}