{"id":63465,"date":"2025-10-30T11:45:21","date_gmt":"2025-10-30T09:45:21","guid":{"rendered":"https:\/\/freshgarbage.fi\/tuote\/jussi-kantri-boys-kantri-rock\/"},"modified":"2025-10-30T11:45:21","modified_gmt":"2025-10-30T09:45:21","slug":"jussi-kantri-boys-kantri-rock","status":"publish","type":"product","link":"https:\/\/freshgarbage.fi\/en\/product\/jussi-kantri-boys-kantri-rock\/","title":{"rendered":"Jussi &#038; Kantri Boys \u2013 Kantri &#038; Rock"},"content":{"rendered":"","protected":false},"excerpt":{"rendered":"<p>Alkuper\u00e4inen ja ainoa vinyylipainos.<\/p>\n<p>Etukannessa pari pient\u00e4 pintarepe\u00e4m\u00e4\u00e4 ja yl\u00e4saumassa parin sentin seam split.<\/p>\n","protected":false},"featured_media":58200,"template":"","meta":{"_acf_changed":false},"product_brand":[],"product_cat":[128,120],"product_tag":[],"class_list":{"0":"post-63465","1":"product","2":"type-product","3":"status-publish","4":"has-post-thumbnail","6":"product_cat-country-country-rock-bluegrass-en","7":"product_cat-finnish","8":"pa_formaatti-lp-en","9":"pa_kaytetty-uusi-2nd-hand","11":"first","12":"instock","13":"shipping-taxable","14":"purchasable","15":"product-type-simple"},"acf":[],"_links":{"self":[{"href":"https:\/\/freshgarbage.fi\/en\/wp-json\/wp\/v2\/product\/63465","targetHints":{"allow":["GET"]}}],"collection":[{"href":"https:\/\/freshgarbage.fi\/en\/wp-json\/wp\/v2\/product"}],"about":[{"href":"https:\/\/freshgarbage.fi\/en\/wp-json\/wp\/v2\/types\/product"}],"wp:featuredmedia":[{"embeddable":true,"href":"https:\/\/freshgarbage.fi\/en\/wp-json\/wp\/v2\/media\/58200"}],"wp:attachment":[{"href":"https:\/\/freshgarbage.fi\/en\/wp-json\/wp\/v2\/media?parent=63465"}],"wp:term":[{"taxonomy":"product_brand","embeddable":true,"href":"https:\/\/freshgarbage.fi\/en\/wp-json\/wp\/v2\/product_brand?post=63465"},{"taxonomy":"product_cat","embeddable":true,"href":"https:\/\/freshgarbage.fi\/en\/wp-json\/wp\/v2\/product_cat?post=63465"},{"taxonomy":"product_tag","embeddable":true,"href":"https:\/\/freshgarbage.fi\/en\/wp-json\/wp\/v2\/product_tag?post=63465"}],"curies":[{"name":"wp","href":"https:\/\/api.w.org\/{rel}","templated":true}]}}