{"id":63427,"date":"2025-11-26T11:45:26","date_gmt":"2025-11-26T09:45:26","guid":{"rendered":"https:\/\/freshgarbage.fi\/tuote\/dave-van-ronk-dave-van-ronk-sings\/"},"modified":"2026-02-19T17:11:03","modified_gmt":"2026-02-19T15:11:03","slug":"dave-van-ronk-dave-van-ronk-sings","status":"publish","type":"product","link":"https:\/\/freshgarbage.fi\/en\/product\/dave-van-ronk-dave-van-ronk-sings\/","title":{"rendered":"Dave Van Ronk \u2013 Dave Van Ronk Sings"},"content":{"rendered":"","protected":false},"excerpt":{"rendered":"<p>US-painos 70-luvun lopusta.<\/p>\n<p>Kannen yl\u00e4sauma auennut saumasta noin nelj\u00e4n sentin verran, muuten siisti. Ei liitett\u00e4.<\/p>\n","protected":false},"featured_media":60026,"template":"","meta":{"_acf_changed":false},"product_brand":[],"product_cat":[129,125],"product_tag":[],"class_list":{"0":"post-63427","1":"product","2":"type-product","3":"status-publish","4":"has-post-thumbnail","6":"product_cat-blues-blues-rock-en","7":"product_cat-folk-folk-rock-acoustic-en","8":"pa_formaatti-lp-en","9":"pa_kaytetty-uusi-2nd-hand","11":"first","12":"outofstock","13":"shipping-taxable","14":"purchasable","15":"product-type-simple"},"acf":[],"_links":{"self":[{"href":"https:\/\/freshgarbage.fi\/en\/wp-json\/wp\/v2\/product\/63427","targetHints":{"allow":["GET"]}}],"collection":[{"href":"https:\/\/freshgarbage.fi\/en\/wp-json\/wp\/v2\/product"}],"about":[{"href":"https:\/\/freshgarbage.fi\/en\/wp-json\/wp\/v2\/types\/product"}],"wp:featuredmedia":[{"embeddable":true,"href":"https:\/\/freshgarbage.fi\/en\/wp-json\/wp\/v2\/media\/60026"}],"wp:attachment":[{"href":"https:\/\/freshgarbage.fi\/en\/wp-json\/wp\/v2\/media?parent=63427"}],"wp:term":[{"taxonomy":"product_brand","embeddable":true,"href":"https:\/\/freshgarbage.fi\/en\/wp-json\/wp\/v2\/product_brand?post=63427"},{"taxonomy":"product_cat","embeddable":true,"href":"https:\/\/freshgarbage.fi\/en\/wp-json\/wp\/v2\/product_cat?post=63427"},{"taxonomy":"product_tag","embeddable":true,"href":"https:\/\/freshgarbage.fi\/en\/wp-json\/wp\/v2\/product_tag?post=63427"}],"curies":[{"name":"wp","href":"https:\/\/api.w.org\/{rel}","templated":true}]}}