{"id":63390,"date":"2025-12-31T11:46:03","date_gmt":"2025-12-31T09:46:03","guid":{"rendered":"https:\/\/freshgarbage.fi\/tuote\/howard-mcghee-that-bop-thing\/"},"modified":"2026-01-08T13:41:07","modified_gmt":"2026-01-08T11:41:07","slug":"howard-mcghee-that-bop-thing","status":"publish","type":"product","link":"https:\/\/freshgarbage.fi\/en\/product\/howard-mcghee-that-bop-thing\/","title":{"rendered":"Howard McGhee \u2013 That Bop Thing"},"content":{"rendered":"","protected":false},"excerpt":{"rendered":"<p>80-luvun UK-painos.<\/p>\n<p>Pari hiusj\u00e4lke\u00e4, mutta eiv\u00e4t kuulu soitossa.<\/p>\n","protected":false},"featured_media":62684,"template":"","meta":{"_acf_changed":false},"product_brand":[],"product_cat":[122],"product_tag":[],"class_list":{"0":"post-63390","1":"product","2":"type-product","3":"status-publish","4":"has-post-thumbnail","6":"product_cat-jazz-fusion-en","7":"pa_formaatti-lp-en","8":"pa_kaytetty-uusi-2nd-hand","10":"first","11":"outofstock","12":"shipping-taxable","13":"purchasable","14":"product-type-simple"},"acf":[],"_links":{"self":[{"href":"https:\/\/freshgarbage.fi\/en\/wp-json\/wp\/v2\/product\/63390","targetHints":{"allow":["GET"]}}],"collection":[{"href":"https:\/\/freshgarbage.fi\/en\/wp-json\/wp\/v2\/product"}],"about":[{"href":"https:\/\/freshgarbage.fi\/en\/wp-json\/wp\/v2\/types\/product"}],"wp:featuredmedia":[{"embeddable":true,"href":"https:\/\/freshgarbage.fi\/en\/wp-json\/wp\/v2\/media\/62684"}],"wp:attachment":[{"href":"https:\/\/freshgarbage.fi\/en\/wp-json\/wp\/v2\/media?parent=63390"}],"wp:term":[{"taxonomy":"product_brand","embeddable":true,"href":"https:\/\/freshgarbage.fi\/en\/wp-json\/wp\/v2\/product_brand?post=63390"},{"taxonomy":"product_cat","embeddable":true,"href":"https:\/\/freshgarbage.fi\/en\/wp-json\/wp\/v2\/product_cat?post=63390"},{"taxonomy":"product_tag","embeddable":true,"href":"https:\/\/freshgarbage.fi\/en\/wp-json\/wp\/v2\/product_tag?post=63390"}],"curies":[{"name":"wp","href":"https:\/\/api.w.org\/{rel}","templated":true}]}}