{"id":63321,"date":"2026-01-21T11:45:02","date_gmt":"2026-01-21T09:45:02","guid":{"rendered":"https:\/\/freshgarbage.fi\/?post_type=product&#038;p=63321"},"modified":"2026-01-21T11:48:43","modified_gmt":"2026-01-21T09:48:43","slug":"the-weeknd-beauty-behind-the-madness-2","status":"publish","type":"product","link":"https:\/\/freshgarbage.fi\/en\/product\/the-weeknd-beauty-behind-the-madness-2\/","title":{"rendered":"The Weeknd \u2013 Beauty Behind The Madness"},"content":{"rendered":"","protected":false},"excerpt":{"rendered":"<p>2LP. Alkuper\u00e4inen US-painos. Kirkkaat levyt.<\/p>\n<p>Muilta osin t\u00e4sm\u00e4\u00e4 Urban Outfittersin eksklusiiviseen painokseen, mutta alkuper\u00e4isen kanteen painetun viivakoodin p\u00e4\u00e4ll\u00e4 on viivakooditarra toisella numerolla. Luultavasti osa sinne tehdyst\u00e4 painoksesta on myyty my\u00f6s muualla ja viivakoodi pit\u00e4nyt p\u00e4ivitt\u00e4\u00e4.<\/p>\n","protected":false},"featured_media":77542,"template":"","meta":{"_acf_changed":false},"product_brand":[],"product_cat":[132],"product_tag":[],"class_list":{"0":"post-63321","1":"product","2":"type-product","3":"status-publish","4":"has-post-thumbnail","6":"product_cat-soul-funk-disco-rnb-en","7":"pa_formaatti-lp-en","8":"pa_kaytetty-uusi-2nd-hand","10":"first","11":"instock","12":"shipping-taxable","13":"purchasable","14":"product-type-simple"},"acf":[],"_links":{"self":[{"href":"https:\/\/freshgarbage.fi\/en\/wp-json\/wp\/v2\/product\/63321","targetHints":{"allow":["GET"]}}],"collection":[{"href":"https:\/\/freshgarbage.fi\/en\/wp-json\/wp\/v2\/product"}],"about":[{"href":"https:\/\/freshgarbage.fi\/en\/wp-json\/wp\/v2\/types\/product"}],"wp:featuredmedia":[{"embeddable":true,"href":"https:\/\/freshgarbage.fi\/en\/wp-json\/wp\/v2\/media\/77542"}],"wp:attachment":[{"href":"https:\/\/freshgarbage.fi\/en\/wp-json\/wp\/v2\/media?parent=63321"}],"wp:term":[{"taxonomy":"product_brand","embeddable":true,"href":"https:\/\/freshgarbage.fi\/en\/wp-json\/wp\/v2\/product_brand?post=63321"},{"taxonomy":"product_cat","embeddable":true,"href":"https:\/\/freshgarbage.fi\/en\/wp-json\/wp\/v2\/product_cat?post=63321"},{"taxonomy":"product_tag","embeddable":true,"href":"https:\/\/freshgarbage.fi\/en\/wp-json\/wp\/v2\/product_tag?post=63321"}],"curies":[{"name":"wp","href":"https:\/\/api.w.org\/{rel}","templated":true}]}}