{"id":63317,"date":"2026-01-21T11:45:10","date_gmt":"2026-01-21T09:45:10","guid":{"rendered":"https:\/\/freshgarbage.fi\/?post_type=product&#038;p=63317"},"modified":"2026-01-21T11:48:56","modified_gmt":"2026-01-21T09:48:56","slug":"the-legendary-keb-darge-soul-spectrum-volume-ii","status":"publish","type":"product","link":"https:\/\/freshgarbage.fi\/en\/product\/the-legendary-keb-darge-soul-spectrum-volume-ii\/","title":{"rendered":"The Legendary Keb Darge \u2013 Soul Spectrum Volume II"},"content":{"rendered":"","protected":false},"excerpt":{"rendered":"<p>2LP. Levyiss\u00e4 heiver\u00f6ist\u00e4 hankaumaa\/hiusj\u00e4lke\u00e4, mutta soivat hienosti.<\/p>\n<p>A1 Tony Fox \u2013 Love, Let Love And Be Loved<br \/>\nA2 King Tutt \u2013 You&#8217;ve Got Me Hung Up<br \/>\nA3 Storm \u2013 Can&#8217;t Nobody Love Me Like You Do<br \/>\nA4 Patterson Twins \u2013 Gonna Find A True Love<br \/>\nB1 Brothers Gilmore \u2013 I Feel A Song<br \/>\nB2 Broomfield Corporate Jam \u2013 Doin&#8217; It Our Way<br \/>\nB3 S.P.G. \u2013 Loveland<br \/>\nB4 Jewel \u2013 Paradise<br \/>\nB5 Target \u2013 Give Me One More Chance<br \/>\nB6 The Inner-section \u2013 I&#8217;m In Debt To You<\/p>\n<p>C1 Ernest Baker \u2013 Alone Again<br \/>\nC2 James D. Hall \u2013 I Wanna Get Into You<br \/>\nC3 Infinity \u2013 Put Everything In Place<br \/>\nC4 Willie Wright \u2013 Right On For The Darkness<br \/>\nC5 Flowers \u2013 For Real<br \/>\nD1 Unknown Artist \u2013 If It&#8217;s Alright<br \/>\nD2 Vise \u2013 Baby, I Love You<br \/>\nD3 Bobby Reed \u2013 The Time Is Right For Love<br \/>\nD4 The Whispers \u2013 As I Sit Here<br \/>\nD5 Del-Larks \u2013 Job Opening Pt. 1<br \/>\nD6 Flowers \u2013 For Real (Instrumental)<\/p>\n","protected":false},"featured_media":77544,"template":"","meta":{"_acf_changed":false},"product_brand":[],"product_cat":[132],"product_tag":[],"class_list":{"0":"post-63317","1":"product","2":"type-product","3":"status-publish","4":"has-post-thumbnail","6":"product_cat-soul-funk-disco-rnb-en","7":"pa_formaatti-lp-en","8":"pa_kaytetty-uusi-2nd-hand","10":"first","11":"instock","12":"shipping-taxable","13":"purchasable","14":"product-type-simple"},"acf":[],"_links":{"self":[{"href":"https:\/\/freshgarbage.fi\/en\/wp-json\/wp\/v2\/product\/63317","targetHints":{"allow":["GET"]}}],"collection":[{"href":"https:\/\/freshgarbage.fi\/en\/wp-json\/wp\/v2\/product"}],"about":[{"href":"https:\/\/freshgarbage.fi\/en\/wp-json\/wp\/v2\/types\/product"}],"wp:featuredmedia":[{"embeddable":true,"href":"https:\/\/freshgarbage.fi\/en\/wp-json\/wp\/v2\/media\/77544"}],"wp:attachment":[{"href":"https:\/\/freshgarbage.fi\/en\/wp-json\/wp\/v2\/media?parent=63317"}],"wp:term":[{"taxonomy":"product_brand","embeddable":true,"href":"https:\/\/freshgarbage.fi\/en\/wp-json\/wp\/v2\/product_brand?post=63317"},{"taxonomy":"product_cat","embeddable":true,"href":"https:\/\/freshgarbage.fi\/en\/wp-json\/wp\/v2\/product_cat?post=63317"},{"taxonomy":"product_tag","embeddable":true,"href":"https:\/\/freshgarbage.fi\/en\/wp-json\/wp\/v2\/product_tag?post=63317"}],"curies":[{"name":"wp","href":"https:\/\/api.w.org\/{rel}","templated":true}]}}