{"id":63279,"date":"2026-01-08T11:45:26","date_gmt":"2026-01-08T09:45:26","guid":{"rendered":"https:\/\/freshgarbage.fi\/tuote\/hurriganes-10-80\/"},"modified":"2026-02-03T07:57:20","modified_gmt":"2026-02-03T05:57:20","slug":"hurriganes-10-80","status":"publish","type":"product","link":"https:\/\/freshgarbage.fi\/en\/product\/hurriganes-10-80\/","title":{"rendered":"Hurriganes \u2013 10\/80"},"content":{"rendered":"","protected":false},"excerpt":{"rendered":"<p>3. j\u00e4lkipainos, jossa Fazer-musiikki logo etiketiss\u00e4. Kannen yl\u00e4reunassa sentin vekki, joka ei puhki. Pient\u00e4 reunakulumaa.<\/p>\n","protected":false},"featured_media":62956,"template":"","meta":{"_acf_changed":false},"product_brand":[],"product_cat":[120],"product_tag":[],"class_list":{"0":"post-63279","1":"product","2":"type-product","3":"status-publish","4":"has-post-thumbnail","6":"product_cat-finnish","7":"pa_formaatti-lp-en","8":"pa_kaytetty-uusi-2nd-hand","10":"first","11":"outofstock","12":"shipping-taxable","13":"purchasable","14":"product-type-simple"},"acf":[],"_links":{"self":[{"href":"https:\/\/freshgarbage.fi\/en\/wp-json\/wp\/v2\/product\/63279","targetHints":{"allow":["GET"]}}],"collection":[{"href":"https:\/\/freshgarbage.fi\/en\/wp-json\/wp\/v2\/product"}],"about":[{"href":"https:\/\/freshgarbage.fi\/en\/wp-json\/wp\/v2\/types\/product"}],"wp:featuredmedia":[{"embeddable":true,"href":"https:\/\/freshgarbage.fi\/en\/wp-json\/wp\/v2\/media\/62956"}],"wp:attachment":[{"href":"https:\/\/freshgarbage.fi\/en\/wp-json\/wp\/v2\/media?parent=63279"}],"wp:term":[{"taxonomy":"product_brand","embeddable":true,"href":"https:\/\/freshgarbage.fi\/en\/wp-json\/wp\/v2\/product_brand?post=63279"},{"taxonomy":"product_cat","embeddable":true,"href":"https:\/\/freshgarbage.fi\/en\/wp-json\/wp\/v2\/product_cat?post=63279"},{"taxonomy":"product_tag","embeddable":true,"href":"https:\/\/freshgarbage.fi\/en\/wp-json\/wp\/v2\/product_tag?post=63279"}],"curies":[{"name":"wp","href":"https:\/\/api.w.org\/{rel}","templated":true}]}}