{"id":63271,"date":"2025-10-01T12:01:24","date_gmt":"2025-10-01T09:01:24","guid":{"rendered":"https:\/\/freshgarbage.fi\/tuote\/mother-love-bone-apple\/"},"modified":"2026-04-09T10:43:13","modified_gmt":"2026-04-09T07:43:13","slug":"mother-love-bone-apple","status":"publish","type":"product","link":"https:\/\/freshgarbage.fi\/en\/product\/mother-love-bone-apple\/","title":{"rendered":"Mother Love Bone \u2013 Apple"},"content":{"rendered":"","protected":false},"excerpt":{"rendered":"<p>Remasteroitu. Ensimm\u00e4ist\u00e4 kertaa virallinen uusintapainos vinyylin\u00e4.<\/p>\n<p>A1 This Is Shangrila 3:41<br \/>\nA2 Stardog Champion 4:56<br \/>\nA3 Holy Roller 4:26<br \/>\nA4 Bone China 3:45<br \/>\nA5 Come Bite The Apple 5:25<br \/>\nB1 Heartshine 4:35<br \/>\nB2 Stargazer 4:49<br \/>\nB3 Captain Hi-Top 3:05<br \/>\nB4 Man Of Golden Words 3:40<br \/>\nB5 Capricorn Sister 4:17<br \/>\nB6 Crown Of Thorns 6:21<\/p>\n","protected":false},"featured_media":55682,"template":"","meta":{"_acf_changed":false},"product_brand":[],"product_cat":[130,107],"product_tag":[],"class_list":{"0":"post-63271","1":"product","2":"type-product","3":"status-publish","4":"has-post-thumbnail","6":"product_cat-alternative-indie-rock","7":"product_cat-new","8":"pa_formaatti-lp-en","9":"pa_kaytetty-uusi-new","11":"first","12":"instock","13":"taxable","14":"shipping-taxable","15":"purchasable","16":"product-type-simple"},"acf":[],"_links":{"self":[{"href":"https:\/\/freshgarbage.fi\/en\/wp-json\/wp\/v2\/product\/63271","targetHints":{"allow":["GET"]}}],"collection":[{"href":"https:\/\/freshgarbage.fi\/en\/wp-json\/wp\/v2\/product"}],"about":[{"href":"https:\/\/freshgarbage.fi\/en\/wp-json\/wp\/v2\/types\/product"}],"wp:featuredmedia":[{"embeddable":true,"href":"https:\/\/freshgarbage.fi\/en\/wp-json\/wp\/v2\/media\/55682"}],"wp:attachment":[{"href":"https:\/\/freshgarbage.fi\/en\/wp-json\/wp\/v2\/media?parent=63271"}],"wp:term":[{"taxonomy":"product_brand","embeddable":true,"href":"https:\/\/freshgarbage.fi\/en\/wp-json\/wp\/v2\/product_brand?post=63271"},{"taxonomy":"product_cat","embeddable":true,"href":"https:\/\/freshgarbage.fi\/en\/wp-json\/wp\/v2\/product_cat?post=63271"},{"taxonomy":"product_tag","embeddable":true,"href":"https:\/\/freshgarbage.fi\/en\/wp-json\/wp\/v2\/product_tag?post=63271"}],"curies":[{"name":"wp","href":"https:\/\/api.w.org\/{rel}","templated":true}]}}