{"id":63270,"date":"2025-10-01T12:01:25","date_gmt":"2025-10-01T09:01:25","guid":{"rendered":"https:\/\/freshgarbage.fi\/tuote\/mother-love-bone-shine-ep\/"},"modified":"2025-10-01T12:01:25","modified_gmt":"2025-10-01T09:01:25","slug":"mother-love-bone-shine-ep","status":"publish","type":"product","link":"https:\/\/freshgarbage.fi\/en\/product\/mother-love-bone-shine-ep\/","title":{"rendered":"Mother Love Bone \u2013 Shine EP"},"content":{"rendered":"","protected":false},"excerpt":{"rendered":"<p>Remasteroitu. Ensimm\u00e4ist\u00e4 kertaa uusintapainos vinyylin\u00e4.<\/p>\n<p>A1 Thru Fade Away 3:40<br \/>\nA2 Mindshaker Meltdown 3:47<br \/>\nA3 Half Ass Monkey Boy 3:18<br \/>\nA4 Chloe Dancer \/ Crown Of Thorns 8:40<br \/>\nB1 Thru Fade Away 3:40<br \/>\nB2 Mindshaker Meltdown 3:47<br \/>\nB3 Half Ass Monkey Boy 3:18<br \/>\nB4 Chloe Dancer \/ Crown Of Thorns 8:40<\/p>\n","protected":false},"featured_media":55679,"template":"","meta":{"_acf_changed":false},"product_brand":[],"product_cat":[130,107],"product_tag":[],"class_list":{"0":"post-63270","1":"product","2":"type-product","3":"status-publish","4":"has-post-thumbnail","6":"product_cat-alternative-indie-rock","7":"product_cat-new","8":"pa_formaatti-lp-en","9":"pa_kaytetty-uusi-new","11":"first","12":"instock","13":"taxable","14":"shipping-taxable","15":"purchasable","16":"product-type-simple"},"acf":[],"_links":{"self":[{"href":"https:\/\/freshgarbage.fi\/en\/wp-json\/wp\/v2\/product\/63270","targetHints":{"allow":["GET"]}}],"collection":[{"href":"https:\/\/freshgarbage.fi\/en\/wp-json\/wp\/v2\/product"}],"about":[{"href":"https:\/\/freshgarbage.fi\/en\/wp-json\/wp\/v2\/types\/product"}],"wp:featuredmedia":[{"embeddable":true,"href":"https:\/\/freshgarbage.fi\/en\/wp-json\/wp\/v2\/media\/55679"}],"wp:attachment":[{"href":"https:\/\/freshgarbage.fi\/en\/wp-json\/wp\/v2\/media?parent=63270"}],"wp:term":[{"taxonomy":"product_brand","embeddable":true,"href":"https:\/\/freshgarbage.fi\/en\/wp-json\/wp\/v2\/product_brand?post=63270"},{"taxonomy":"product_cat","embeddable":true,"href":"https:\/\/freshgarbage.fi\/en\/wp-json\/wp\/v2\/product_cat?post=63270"},{"taxonomy":"product_tag","embeddable":true,"href":"https:\/\/freshgarbage.fi\/en\/wp-json\/wp\/v2\/product_tag?post=63270"}],"curies":[{"name":"wp","href":"https:\/\/api.w.org\/{rel}","templated":true}]}}