{"id":63231,"date":"2025-11-19T12:15:00","date_gmt":"2025-11-19T10:15:00","guid":{"rendered":"https:\/\/freshgarbage.fi\/tuote\/franz-ferdinand-franz-ferdinand-covers-e-p\/"},"modified":"2025-11-19T12:15:00","modified_gmt":"2025-11-19T10:15:00","slug":"franz-ferdinand-franz-ferdinand-covers-e-p","status":"publish","type":"product","link":"https:\/\/freshgarbage.fi\/en\/product\/franz-ferdinand-franz-ferdinand-covers-e-p\/","title":{"rendered":"Franz Ferdinand \u2013 Franz Ferdinand Covers E.P."},"content":{"rendered":"","protected":false},"excerpt":{"rendered":"<p>Alkuper\u00e4inen UK-painos. Keltainen l\u00e4pin\u00e4kyv\u00e4 levy.<\/p>\n<p>A1 Debbie Harry &amp; Franz Ferdinand \u2013 Live Alone 3:31<br \/>\nA2 Stephen Merritt \u2013 Dream Again 4:19<br \/>\nB1 LCD Soundsystem \u2013 Live Alone 7:34<br \/>\nB2 ESG \u2013 What She Came For 3:42<br \/>\nB3 Peaches \u2013 Turn It On 3:40<\/p>\n","protected":false},"featured_media":59597,"template":"","meta":{"_acf_changed":false},"product_brand":[],"product_cat":[130],"product_tag":[],"class_list":{"0":"post-63231","1":"product","2":"type-product","3":"status-publish","4":"has-post-thumbnail","6":"product_cat-alternative-indie-rock","7":"pa_formaatti-12-en","8":"pa_kaytetty-uusi-2nd-hand","10":"first","11":"instock","12":"shipping-taxable","13":"purchasable","14":"product-type-simple"},"acf":[],"_links":{"self":[{"href":"https:\/\/freshgarbage.fi\/en\/wp-json\/wp\/v2\/product\/63231","targetHints":{"allow":["GET"]}}],"collection":[{"href":"https:\/\/freshgarbage.fi\/en\/wp-json\/wp\/v2\/product"}],"about":[{"href":"https:\/\/freshgarbage.fi\/en\/wp-json\/wp\/v2\/types\/product"}],"wp:featuredmedia":[{"embeddable":true,"href":"https:\/\/freshgarbage.fi\/en\/wp-json\/wp\/v2\/media\/59597"}],"wp:attachment":[{"href":"https:\/\/freshgarbage.fi\/en\/wp-json\/wp\/v2\/media?parent=63231"}],"wp:term":[{"taxonomy":"product_brand","embeddable":true,"href":"https:\/\/freshgarbage.fi\/en\/wp-json\/wp\/v2\/product_brand?post=63231"},{"taxonomy":"product_cat","embeddable":true,"href":"https:\/\/freshgarbage.fi\/en\/wp-json\/wp\/v2\/product_cat?post=63231"},{"taxonomy":"product_tag","embeddable":true,"href":"https:\/\/freshgarbage.fi\/en\/wp-json\/wp\/v2\/product_tag?post=63231"}],"curies":[{"name":"wp","href":"https:\/\/api.w.org\/{rel}","templated":true}]}}