{"id":63226,"date":"2025-11-19T12:15:43","date_gmt":"2025-11-19T10:15:43","guid":{"rendered":"https:\/\/freshgarbage.fi\/tuote\/mum-sing-along-to-songs-you-dont-know\/"},"modified":"2025-11-19T12:15:43","modified_gmt":"2025-11-19T10:15:43","slug":"mum-sing-along-to-songs-you-dont-know","status":"publish","type":"product","link":"https:\/\/freshgarbage.fi\/en\/product\/mum-sing-along-to-songs-you-dont-know\/","title":{"rendered":"m\u00fam \u2013 Sing Along To Songs You Don&#8217;t Know"},"content":{"rendered":"","protected":false},"excerpt":{"rendered":"<p>2LP, 45rpm. Alkuper\u00e4inen UK\/Eurooppa-painos.<\/p>\n<p>B-puolen alussa tahramainen &#8220;v\u00e4rivirhe&#8221;, mutta ei kuulu soitossa. Lis\u00e4ksi hieman sis\u00e4pussihankaumaa.<\/p>\n","protected":false},"featured_media":59657,"template":"","meta":{"_acf_changed":false},"product_brand":[],"product_cat":[130,127],"product_tag":[],"class_list":{"0":"post-63226","1":"product","2":"type-product","3":"status-publish","4":"has-post-thumbnail","6":"product_cat-alternative-indie-rock","7":"product_cat-electronic-en","8":"pa_formaatti-lp-en","9":"pa_kaytetty-uusi-2nd-hand","11":"first","12":"instock","13":"shipping-taxable","14":"purchasable","15":"product-type-simple"},"acf":[],"_links":{"self":[{"href":"https:\/\/freshgarbage.fi\/en\/wp-json\/wp\/v2\/product\/63226","targetHints":{"allow":["GET"]}}],"collection":[{"href":"https:\/\/freshgarbage.fi\/en\/wp-json\/wp\/v2\/product"}],"about":[{"href":"https:\/\/freshgarbage.fi\/en\/wp-json\/wp\/v2\/types\/product"}],"wp:featuredmedia":[{"embeddable":true,"href":"https:\/\/freshgarbage.fi\/en\/wp-json\/wp\/v2\/media\/59657"}],"wp:attachment":[{"href":"https:\/\/freshgarbage.fi\/en\/wp-json\/wp\/v2\/media?parent=63226"}],"wp:term":[{"taxonomy":"product_brand","embeddable":true,"href":"https:\/\/freshgarbage.fi\/en\/wp-json\/wp\/v2\/product_brand?post=63226"},{"taxonomy":"product_cat","embeddable":true,"href":"https:\/\/freshgarbage.fi\/en\/wp-json\/wp\/v2\/product_cat?post=63226"},{"taxonomy":"product_tag","embeddable":true,"href":"https:\/\/freshgarbage.fi\/en\/wp-json\/wp\/v2\/product_tag?post=63226"}],"curies":[{"name":"wp","href":"https:\/\/api.w.org\/{rel}","templated":true}]}}