{"id":63104,"date":"2025-10-28T11:39:40","date_gmt":"2025-10-28T09:39:40","guid":{"rendered":"https:\/\/freshgarbage.fi\/tuote\/the-mothers-of-invention-were-only-in-it-for-the-money\/"},"modified":"2025-10-28T11:39:40","modified_gmt":"2025-10-28T09:39:40","slug":"the-mothers-of-invention-were-only-in-it-for-the-money","status":"publish","type":"product","link":"https:\/\/freshgarbage.fi\/en\/product\/the-mothers-of-invention-were-only-in-it-for-the-money\/","title":{"rendered":"The Mothers Of Invention \u2013 We&#8217;re Only In It For The Money"},"content":{"rendered":"","protected":false},"excerpt":{"rendered":"<p>Alkuper\u00e4inen Skandinavia-painos. Liite tallessa.<\/p>\n<p>Hyvin hentoa sis\u00e4pussin j\u00e4tt\u00e4m\u00e4\u00e4 hiusj\u00e4lke\u00e4, soi hienosti.<\/p>\n","protected":false},"featured_media":58012,"template":"","meta":{"_acf_changed":false},"product_brand":[],"product_cat":[131,113],"product_tag":[],"class_list":{"0":"post-63104","1":"product","2":"type-product","3":"status-publish","4":"has-post-thumbnail","6":"product_cat-60s-70s-psych-rock-garage-rock-en","7":"product_cat-progressive-rock-krautrock-en","8":"pa_formaatti-lp-en","9":"pa_kaytetty-uusi-2nd-hand","11":"first","12":"instock","13":"shipping-taxable","14":"purchasable","15":"product-type-simple"},"acf":[],"_links":{"self":[{"href":"https:\/\/freshgarbage.fi\/en\/wp-json\/wp\/v2\/product\/63104","targetHints":{"allow":["GET"]}}],"collection":[{"href":"https:\/\/freshgarbage.fi\/en\/wp-json\/wp\/v2\/product"}],"about":[{"href":"https:\/\/freshgarbage.fi\/en\/wp-json\/wp\/v2\/types\/product"}],"wp:featuredmedia":[{"embeddable":true,"href":"https:\/\/freshgarbage.fi\/en\/wp-json\/wp\/v2\/media\/58012"}],"wp:attachment":[{"href":"https:\/\/freshgarbage.fi\/en\/wp-json\/wp\/v2\/media?parent=63104"}],"wp:term":[{"taxonomy":"product_brand","embeddable":true,"href":"https:\/\/freshgarbage.fi\/en\/wp-json\/wp\/v2\/product_brand?post=63104"},{"taxonomy":"product_cat","embeddable":true,"href":"https:\/\/freshgarbage.fi\/en\/wp-json\/wp\/v2\/product_cat?post=63104"},{"taxonomy":"product_tag","embeddable":true,"href":"https:\/\/freshgarbage.fi\/en\/wp-json\/wp\/v2\/product_tag?post=63104"}],"curies":[{"name":"wp","href":"https:\/\/api.w.org\/{rel}","templated":true}]}}