{"id":63051,"date":"2026-01-08T11:46:10","date_gmt":"2026-01-08T09:46:10","guid":{"rendered":"https:\/\/freshgarbage.fi\/tuote\/various-monsp-connection-sparratut-valiot\/"},"modified":"2026-01-08T13:19:50","modified_gmt":"2026-01-08T11:19:50","slug":"various-monsp-connection-sparratut-valiot","status":"publish","type":"product","link":"https:\/\/freshgarbage.fi\/en\/product\/various-monsp-connection-sparratut-valiot\/","title":{"rendered":"Various \u2013 Monsp Connection &#8211; Sparratut Valiot"},"content":{"rendered":"","protected":false},"excerpt":{"rendered":"<p>2LP. Alkuper\u00e4inen ja ainoa vinyylipainos. Levyt n\u00e4ytt\u00e4v\u00e4t soittamattomilta.<\/p>\n<p>A1 No Artist \u2013 Intro 0:40<br \/>\nA2 Vapaapudotus \u2013 Onko Kysytt\u00e4v\u00e4\u00e4? 3:42<br \/>\nA3 Liisanpuisto \u2013 M\u00e4 Oon Se Mies 5:03<br \/>\nA4 Ruudolf \u2013 Liikaa Fleivoria 3:45<br \/>\nA5 Steen1, Ville Kalliosta, Sy\u00f6p\u00e4 &amp; Sampsa Nuotio \u2013 B\u00e4ngeri 4:51<br \/>\nB1 Notkea Rotta \u2013 Pyykkip\u00e4iv\u00e4 4:31<br \/>\nB2 Aave &amp; P\u00e4hkin\u00e4 \u2013 T\u00e4\u00e4 Ei Voi En\u00e4\u00e4 Jatkuu N\u00e4in 3:48<br \/>\nB3 Ritarikunta \u2013 E Del Leen 3:28<br \/>\nB4 S*mmuneet T*hdet \u2013 Nitkut 3:37<br \/>\nB5 Juhani \u2013 R\u00e4ppit\u00e4hti 2001 3:43<\/p>\n<p>C1 Memmy Posse \u2013 Hakuses Vahvempi L\u00e4\u00e4kitys 4:34<br \/>\nC2 Ruudolf &amp; Aksim \u2013 Touchdown (Last Nite RMX) 4:47<br \/>\nC3 Eevil St\u00f6\u00f6 \u2013 P\u00f6pi, P\u00f6pi 3:47<br \/>\nC4 Hopee &amp; Ville Kalliosta \u2013 Biittei Pukkaa 3:17<br \/>\nD1 Steen1 &amp; Jontti \u2013 Varoitus 4:53<br \/>\nD2 Liisanpuisto \u2013 Takasin Kouluun 5:36<br \/>\nD3 Eemo1 \u2013 Outro 1:19<br \/>\nD4 Ruudolf \u2013 Hert-Ik. RMX 4:38<\/p>\n","protected":false},"featured_media":62922,"template":"","meta":{"_acf_changed":false},"product_brand":[],"product_cat":[120,123],"product_tag":[],"class_list":{"0":"post-63051","1":"product","2":"type-product","3":"status-publish","4":"has-post-thumbnail","6":"product_cat-finnish","7":"product_cat-hip-hop-rap-en","8":"pa_formaatti-lp-en","9":"pa_kaytetty-uusi-2nd-hand","11":"first","12":"instock","13":"shipping-taxable","14":"purchasable","15":"product-type-simple"},"acf":[],"_links":{"self":[{"href":"https:\/\/freshgarbage.fi\/en\/wp-json\/wp\/v2\/product\/63051","targetHints":{"allow":["GET"]}}],"collection":[{"href":"https:\/\/freshgarbage.fi\/en\/wp-json\/wp\/v2\/product"}],"about":[{"href":"https:\/\/freshgarbage.fi\/en\/wp-json\/wp\/v2\/types\/product"}],"wp:featuredmedia":[{"embeddable":true,"href":"https:\/\/freshgarbage.fi\/en\/wp-json\/wp\/v2\/media\/62922"}],"wp:attachment":[{"href":"https:\/\/freshgarbage.fi\/en\/wp-json\/wp\/v2\/media?parent=63051"}],"wp:term":[{"taxonomy":"product_brand","embeddable":true,"href":"https:\/\/freshgarbage.fi\/en\/wp-json\/wp\/v2\/product_brand?post=63051"},{"taxonomy":"product_cat","embeddable":true,"href":"https:\/\/freshgarbage.fi\/en\/wp-json\/wp\/v2\/product_cat?post=63051"},{"taxonomy":"product_tag","embeddable":true,"href":"https:\/\/freshgarbage.fi\/en\/wp-json\/wp\/v2\/product_tag?post=63051"}],"curies":[{"name":"wp","href":"https:\/\/api.w.org\/{rel}","templated":true}]}}