{"id":63050,"date":"2026-01-08T11:46:13","date_gmt":"2026-01-08T09:46:13","guid":{"rendered":"https:\/\/freshgarbage.fi\/tuote\/stephen-schwartz-wicked-for-good-the-soundtrack\/"},"modified":"2026-01-08T11:46:13","modified_gmt":"2026-01-08T09:46:13","slug":"stephen-schwartz-wicked-for-good-the-soundtrack","status":"publish","type":"product","link":"https:\/\/freshgarbage.fi\/en\/product\/stephen-schwartz-wicked-for-good-the-soundtrack\/","title":{"rendered":"Stephen Schwartz \u2013 Wicked: For Good (The Soundtrack)"},"content":{"rendered":"","protected":false},"excerpt":{"rendered":"<p>Alkuper\u00e4inen Zoetrope-kuvalevypainos. Avaamaton.<\/p>\n<p>Muuten t\u00e4ydellisess\u00e4 kunnossa, mutta kannen alasaumassa on halkeama. Koska muovit edelleen p\u00e4\u00e4ll\u00e4, vaikea p\u00e4\u00e4tell\u00e4 onko l\u00e4pipuhki.<\/p>\n<p>A1 Cynthia Erivo, Michelle Yeoh, Ariana Grande \u2013 Every Day More Wicked<br \/>\nA2 Ariana Grande, Michelle Yeoh \u2013 Thank Goodness \/ I Couldn&#8217;t Be Happier<br \/>\nB1 Cynthia Erivo \u2013 No Place Like Home<br \/>\nB2 Marissa Bode, Cynthia Erivo, Ethan Slater \u2013 The Wicked Witch Of The East<br \/>\nB3 Jeff Goldblum, Ariana Grande, Cynthia Erivo \u2013 Wonderful<br \/>\nC1 Ariana Grande \u2013 I\u2019m Not That Girl (Reprise)<br \/>\nC2 Cynthia Erivo, Jonathan Bailey \u2013 As Long As You&#8217;re Mine<br \/>\nC3 Cynthia Erivo \u2013 No Good Deed<br \/>\nD1 Ethan Slater \u2013 March Of The Witch Hunters<br \/>\nD2 Ariana Grande \u2013 The Girl In The Bubble<br \/>\nD3 Cynthia Erivo, Ariana Grande \u2013 For Good<\/p>\n","protected":false},"featured_media":62946,"template":"","meta":{"_acf_changed":false},"product_brand":[],"product_cat":[133],"product_tag":[],"class_list":{"0":"post-63050","1":"product","2":"type-product","3":"status-publish","4":"has-post-thumbnail","6":"product_cat-soundtracks-en","7":"pa_formaatti-lp-en","8":"pa_kaytetty-uusi-2nd-hand","10":"first","11":"instock","12":"shipping-taxable","13":"purchasable","14":"product-type-simple"},"acf":[],"_links":{"self":[{"href":"https:\/\/freshgarbage.fi\/en\/wp-json\/wp\/v2\/product\/63050","targetHints":{"allow":["GET"]}}],"collection":[{"href":"https:\/\/freshgarbage.fi\/en\/wp-json\/wp\/v2\/product"}],"about":[{"href":"https:\/\/freshgarbage.fi\/en\/wp-json\/wp\/v2\/types\/product"}],"wp:featuredmedia":[{"embeddable":true,"href":"https:\/\/freshgarbage.fi\/en\/wp-json\/wp\/v2\/media\/62946"}],"wp:attachment":[{"href":"https:\/\/freshgarbage.fi\/en\/wp-json\/wp\/v2\/media?parent=63050"}],"wp:term":[{"taxonomy":"product_brand","embeddable":true,"href":"https:\/\/freshgarbage.fi\/en\/wp-json\/wp\/v2\/product_brand?post=63050"},{"taxonomy":"product_cat","embeddable":true,"href":"https:\/\/freshgarbage.fi\/en\/wp-json\/wp\/v2\/product_cat?post=63050"},{"taxonomy":"product_tag","embeddable":true,"href":"https:\/\/freshgarbage.fi\/en\/wp-json\/wp\/v2\/product_tag?post=63050"}],"curies":[{"name":"wp","href":"https:\/\/api.w.org\/{rel}","templated":true}]}}