{"id":63048,"date":"2026-01-08T11:46:44","date_gmt":"2026-01-08T09:46:44","guid":{"rendered":"https:\/\/freshgarbage.fi\/tuote\/various-the-texas-chainsaw-massacre-part-2-music-from-the-motion-picture\/"},"modified":"2026-01-08T13:25:02","modified_gmt":"2026-01-08T11:25:02","slug":"various-the-texas-chainsaw-massacre-part-2-music-from-the-motion-picture","status":"publish","type":"product","link":"https:\/\/freshgarbage.fi\/en\/product\/various-the-texas-chainsaw-massacre-part-2-music-from-the-motion-picture\/","title":{"rendered":"Various \u2013 The Texas Chainsaw Massacre Part 2 (Music From The Motion Picture)"},"content":{"rendered":"","protected":false},"excerpt":{"rendered":"<p>Alkuper\u00e4inen Eurooppa-painos.<\/p>\n<p>Yhdess\u00e4 kulmassa taitosta. Hieman hiusj\u00e4lke\u00e4, soi hienosti.<\/p>\n<p>A1 Lords Of The New Church \u2013 Good To Be Bad 4:46<br \/>\nA2 The Cramps \u2013 Goo Goo Muck 3:02<br \/>\nA3 Concrete Blonde \u2013 Haunted Head 2:48<br \/>\nA4 Timbuk 3 \u2013 Life Is Hard 4:08<br \/>\nA5 Torch Song \u2013 White Night 3:50<br \/>\nB1 Stewart Copeland \u2013 Strange Things Happen 3:03<br \/>\nB2 Concrete Blonde \u2013 Over Your Shoulder 3:23<br \/>\nB3 Timbuk 3 \u2013 Shame On You 5:05<br \/>\nB4 Lords Of The New Church \u2013 Mind Warp 3:46<br \/>\nB5 Oingo Boingo \u2013 No One Lives Forever 4:12<\/p>\n","protected":false},"featured_media":62942,"template":"","meta":{"_acf_changed":false},"product_brand":[],"product_cat":[117,133],"product_tag":[],"class_list":{"0":"post-63048","1":"product","2":"type-product","3":"status-publish","4":"has-post-thumbnail","6":"product_cat-new-wave-goth-rock-synth-pop-post-punk-en","7":"product_cat-soundtracks-en","8":"pa_formaatti-lp-en","9":"pa_kaytetty-uusi-2nd-hand","11":"first","12":"instock","13":"shipping-taxable","14":"purchasable","15":"product-type-simple"},"acf":[],"_links":{"self":[{"href":"https:\/\/freshgarbage.fi\/en\/wp-json\/wp\/v2\/product\/63048","targetHints":{"allow":["GET"]}}],"collection":[{"href":"https:\/\/freshgarbage.fi\/en\/wp-json\/wp\/v2\/product"}],"about":[{"href":"https:\/\/freshgarbage.fi\/en\/wp-json\/wp\/v2\/types\/product"}],"wp:featuredmedia":[{"embeddable":true,"href":"https:\/\/freshgarbage.fi\/en\/wp-json\/wp\/v2\/media\/62942"}],"wp:attachment":[{"href":"https:\/\/freshgarbage.fi\/en\/wp-json\/wp\/v2\/media?parent=63048"}],"wp:term":[{"taxonomy":"product_brand","embeddable":true,"href":"https:\/\/freshgarbage.fi\/en\/wp-json\/wp\/v2\/product_brand?post=63048"},{"taxonomy":"product_cat","embeddable":true,"href":"https:\/\/freshgarbage.fi\/en\/wp-json\/wp\/v2\/product_cat?post=63048"},{"taxonomy":"product_tag","embeddable":true,"href":"https:\/\/freshgarbage.fi\/en\/wp-json\/wp\/v2\/product_tag?post=63048"}],"curies":[{"name":"wp","href":"https:\/\/api.w.org\/{rel}","templated":true}]}}