{"id":63040,"date":"2025-10-09T15:30:09","date_gmt":"2025-10-09T12:30:09","guid":{"rendered":"https:\/\/freshgarbage.fi\/tuote\/gregory-porter-christmas-wish\/"},"modified":"2025-10-09T15:30:09","modified_gmt":"2025-10-09T12:30:09","slug":"gregory-porter-christmas-wish","status":"publish","type":"product","link":"https:\/\/freshgarbage.fi\/en\/product\/gregory-porter-christmas-wish\/","title":{"rendered":"Gregory Porter \u2013 Christmas Wish"},"content":{"rendered":"","protected":false},"excerpt":{"rendered":"<p>Rajoitettu painos kullanv\u00e4risell\u00e4 levyll\u00e4.<\/p>\n<p>Gregory Porter, with his customary class, elegance and sophistication, presents his new holiday album Christmas Wish \u2013 a cool yule selection of festive favourites as well as brand new songs written by the singer himself.<\/p>\n<p>Backed by his long-time band, produced by repeat collaborator Troy Miller in New York and London, with orchestral contributions recorded at Abbey Road, and featuring powerhouse guest vocalist, double Grammy-winning sensation Samara Joy, Gregory Porter\u2019s seventh studio album is a loving tribute to his favourite time of year \u2013 and to great songwriters, singers and interpreters including Nat King Cole, Ella Fitzgerald, Stevie Wonder, Marvin Gaye and Dinah Washington.<\/p>\n<p>Across its dozen tracks, Christmas Wish encompasses the saintly and the secular, the funky and the fun, the Great American Songbook and the best of Motown.<\/p>\n<p>With Christmas Wish, Gregory Porter has given us a whole new soundtrack to this most wonderful time of year.<\/p>\n<p>A1 Silent Night 3:28<br \/>\nA2 Christmas Waltz 3:21<br \/>\nA3 Everything&#8217;s Not Lost 4:08<br \/>\nA4 Someday At Christmas 2:55<br \/>\nA5 Purple Snowflakes 3:45<br \/>\nA6 Little Drummer Boy 2:52<br \/>\nB1 What Are You Doing New Year&#8217;s Eve? 3:56<br \/>\nB2 Christmas Wish 3:54<br \/>\nB3 Cradle In Bethlehem 4:13<br \/>\nB4 Do You Hear What I Hear? 3:42<br \/>\nB5 Christmas Time Is Here 3:43<br \/>\nB6 Heart for Christmas 4:20<\/p>\n","protected":false},"featured_media":56696,"template":"","meta":{"_acf_changed":false},"product_brand":[],"product_cat":[144,122,107],"product_tag":[],"class_list":{"0":"post-63040","1":"product","2":"type-product","3":"status-publish","4":"has-post-thumbnail","6":"product_cat-christmas-records","7":"product_cat-jazz-fusion-en","8":"product_cat-new","9":"pa_formaatti-lp-en","10":"pa_kaytetty-uusi-new","12":"first","13":"instock","14":"taxable","15":"shipping-taxable","16":"purchasable","17":"product-type-simple"},"acf":[],"_links":{"self":[{"href":"https:\/\/freshgarbage.fi\/en\/wp-json\/wp\/v2\/product\/63040","targetHints":{"allow":["GET"]}}],"collection":[{"href":"https:\/\/freshgarbage.fi\/en\/wp-json\/wp\/v2\/product"}],"about":[{"href":"https:\/\/freshgarbage.fi\/en\/wp-json\/wp\/v2\/types\/product"}],"wp:featuredmedia":[{"embeddable":true,"href":"https:\/\/freshgarbage.fi\/en\/wp-json\/wp\/v2\/media\/56696"}],"wp:attachment":[{"href":"https:\/\/freshgarbage.fi\/en\/wp-json\/wp\/v2\/media?parent=63040"}],"wp:term":[{"taxonomy":"product_brand","embeddable":true,"href":"https:\/\/freshgarbage.fi\/en\/wp-json\/wp\/v2\/product_brand?post=63040"},{"taxonomy":"product_cat","embeddable":true,"href":"https:\/\/freshgarbage.fi\/en\/wp-json\/wp\/v2\/product_cat?post=63040"},{"taxonomy":"product_tag","embeddable":true,"href":"https:\/\/freshgarbage.fi\/en\/wp-json\/wp\/v2\/product_tag?post=63040"}],"curies":[{"name":"wp","href":"https:\/\/api.w.org\/{rel}","templated":true}]}}